{"id":28,"date":"2017-01-17T16:22:01","date_gmt":"2017-01-17T15:22:01","guid":{"rendered":"http:\/\/www.les-chaussures-rugby.fr\/?page_id=28"},"modified":"2017-01-17T17:09:37","modified_gmt":"2017-01-17T16:09:37","slug":"histoire-de-la-chaussure-de-rugby","status":"publish","type":"page","link":"https:\/\/www.les-chaussures-rugby.fr\/index.php\/histoire-de-la-chaussure-de-rugby\/","title":{"rendered":"Histoire de la chaussure de rugby"},"content":{"rendered":"<h2>Histoire de la chaussure de rugby: l&rsquo;artisanat<\/h2>\n<p>La chaussure de rugby est n\u00e9e avec le sport \u00e9ponyme en\u00a01823 ! Les joueurs bricolent alors leurs chaussures pour qu&rsquo;elles aient plus d&rsquo;accroche sur les terrains boueux d&rsquo;Angleterre.<\/p>\n<p>A tel point, qu&rsquo;en 1845, une premi\u00e8re r\u00e8glementation est \u00e9dict\u00e9e pour encadrer quelque peu les pratiques: \u00ab\u00a0<em>Aucun joueur ne peut porter des clous ou des plaques de fer en saillie sur les talons ou la semelle de ses chaussures ou bottes<\/em>\u00ab\u00a0. On imagine les adaptations sur certaines chaussures visant plus \u00e0 ch\u00e2tier l&rsquo;adversaire qu&rsquo;\u00e0 offrir une stabilit\u00e9 sur le terrain.<\/p>\n<p>Et il est vrai qu&rsquo;en ces premi\u00e8res d\u00e9cennies du rugby, fleurissent des cordonniers sp\u00e9cialis\u00e9s. Ils adaptent les chaussures de ville pour en faire des chaussures de rugby. Le plus c\u00e9l\u00e8bre d&rsquo;entre eux, William Gilbert (1799-1877) donna son nom \u00e0 une c\u00e9l\u00e8bre marque rugby. Gilbert fabrique toujours des chaussures de rugby.<\/p>\n<p>Ces cordonniers montaient\u00a0des barres clou\u00e9es \u00e0 travers les semelles pour faciliter la traction dans la boue. \u00a0Mais vers la fin du 19e si\u00e8cle, les chaussures de rugby ne diff\u00e9rent toujours pas beaucoup des chaussures port\u00e9es \u00e0 la ville. Ainsi, la seule diff\u00e9rence notable est que des crampons en cuir ont remplac\u00e9 les barres clou\u00e9es car ils offraient plus de souplesse \u00e0 la chaussure.<\/p>\n<p><img loading=\"lazy\" decoding=\"async\" class=\"alignnone size-medium wp-image-34\" src=\"http:\/\/www.les-chaussures-rugby.fr\/wp-content\/uploads\/2017\/01\/chaussure-rugby-histoire-300x175.jpg\" alt=\"\" width=\"300\" height=\"175\" srcset=\"https:\/\/www.les-chaussures-rugby.fr\/wp-content\/uploads\/2017\/01\/chaussure-rugby-histoire-300x175.jpg 300w, https:\/\/www.les-chaussures-rugby.fr\/wp-content\/uploads\/2017\/01\/chaussure-rugby-histoire.jpg 618w\" sizes=\"auto, (max-width: 300px) 85vw, 300px\" \/><\/p>\n<p>En effet, en 1910, une nouvelle r\u00e9glementation pr\u00e9cise que \u00abSi la chaussure porte des crampons, ils doivent \u00eatre cylindriques d&rsquo;au moins 3\/4 de pouce de diam\u00e8tre et de toute longueur ne d\u00e9passant pas la moiti\u00e9 du diam\u00e8tre et \u00eatre fix\u00e9s par quatre clous.\u00a0\u00bb<\/p>\n<p>Le rugby reste un sport amateur et les am\u00e9liorations sur le mat\u00e9riel sont donc lentes. Et il faut attendre plus d&rsquo;un demi si\u00e8cle pour voir appara\u00eetre les crampons en acier puis en aluminium. Et c&rsquo;est <a href=\"https:\/\/www.enmoderugby.com\/20_adidas\" target=\"_blank\" rel=\"noopener\">adidas<\/a> qui aurait cr\u00e9\u00e9 le premier pas de vis pour adapter les crampons dans les ann\u00e9es 50.<\/p>\n<figure id=\"attachment_33\" aria-describedby=\"caption-attachment-33\" style=\"width: 300px\" class=\"wp-caption alignnone\"><a href=\"http:\/\/www.rugbyrelics.com\/\" target=\"_blank\" rel=\"noopener\"><img loading=\"lazy\" decoding=\"async\" class=\"Chaussures de rugby avec crampons en cuir wp-image-33 size-medium\" title=\"Chaussures de rugby avec crampons en cuir\" src=\"http:\/\/www.les-chaussures-rugby.fr\/wp-content\/uploads\/2017\/01\/chaussures-rugby-crampons-cuir-300x205.jpg\" alt=\"Chaussures de rugby avec crampons en cuir\" width=\"300\" height=\"205\" srcset=\"https:\/\/www.les-chaussures-rugby.fr\/wp-content\/uploads\/2017\/01\/chaussures-rugby-crampons-cuir-300x205.jpg 300w, https:\/\/www.les-chaussures-rugby.fr\/wp-content\/uploads\/2017\/01\/chaussures-rugby-crampons-cuir-768x524.jpg 768w, https:\/\/www.les-chaussures-rugby.fr\/wp-content\/uploads\/2017\/01\/chaussures-rugby-crampons-cuir.jpg 800w\" sizes=\"auto, (max-width: 300px) 85vw, 300px\" \/><\/a><figcaption id=\"caption-attachment-33\" class=\"wp-caption-text\">Chaussures de rugby avec crampons en cuir. Cr\u00e9dit Photo: Mus\u00e9e du Rugby<\/figcaption><\/figure>\n<h2>Histoire de la chaussure de rugby: la r\u00e9volution<\/h2>\n<p>La chaussure de rugby a b\u00e9n\u00e9fici\u00e9 de l&rsquo;essor du foot et des investissements technologiques que consentaient les g\u00e9ants de l&rsquo;industrie du sport comme adidas.<\/p>\n<p>La premi\u00e8re innovation est l&rsquo;arriv\u00e9e des mati\u00e8res synth\u00e9tiques. Elles permettent de fabriquer des chaussures plus l\u00e9g\u00e8res. \u00a0Cela int\u00e9resse les footballeurs mais \u00e9galement les lignes arri\u00e8res au rugby.<\/p>\n<p>De lourde et rigide, la chaussure de rugby passe \u00e0 l\u00e9g\u00e8re et souple.<\/p>\n<p>Longtemps la simple adaptation des chaussures de foot ou l&rsquo;apanage de marques sp\u00e9cialis\u00e9es comme <a href=\"https:\/\/www.enmoderugby.com\/3_gilbert\" target=\"_blank\" rel=\"noopener\">Gilbert<\/a>, la chaussure de rugby profite maintenant d&rsquo;innovations qui r\u00e9pondent\u00a0aux sp\u00e9cificit\u00e9s de ce sport. Ainsi, des marques comme adidas proposent \u00a0d\u00e9sormais des gammes de chaussures pour les diff\u00e9rents postes.<\/p>\n<figure id=\"attachment_35\" aria-describedby=\"caption-attachment-35\" style=\"width: 300px\" class=\"wp-caption alignnone\"><a href=\"https:\/\/www.enmoderugby.com\/24-chaussures-rugby\" target=\"_blank\" rel=\"noopener\"><img loading=\"lazy\" decoding=\"async\" class=\"wp-image-35 size-medium\" src=\"http:\/\/www.les-chaussures-rugby.fr\/wp-content\/uploads\/2017\/01\/chaussures-rugby-moulees-adizero-malice-fg-adidas-300x300.jpg\" width=\"300\" height=\"300\" srcset=\"https:\/\/www.les-chaussures-rugby.fr\/wp-content\/uploads\/2017\/01\/chaussures-rugby-moulees-adizero-malice-fg-adidas-300x300.jpg 300w, https:\/\/www.les-chaussures-rugby.fr\/wp-content\/uploads\/2017\/01\/chaussures-rugby-moulees-adizero-malice-fg-adidas-150x150.jpg 150w, https:\/\/www.les-chaussures-rugby.fr\/wp-content\/uploads\/2017\/01\/chaussures-rugby-moulees-adizero-malice-fg-adidas-768x768.jpg 768w, https:\/\/www.les-chaussures-rugby.fr\/wp-content\/uploads\/2017\/01\/chaussures-rugby-moulees-adizero-malice-fg-adidas.jpg 800w\" sizes=\"auto, (max-width: 300px) 85vw, 300px\" \/><\/a><figcaption id=\"caption-attachment-35\" class=\"wp-caption-text\">Les derniers mod\u00e8les de chaussures de rugby avec chaussette int\u00e9gr\u00e9e, la\u00e7age asym\u00e9trique, rev\u00eatement en picot et crampons en plastique !<\/figcaption><\/figure>\n","protected":false},"excerpt":{"rendered":"<p>Histoire de la chaussure de rugby: l&rsquo;artisanat La chaussure de rugby est n\u00e9e avec le sport \u00e9ponyme en\u00a01823 ! Les joueurs bricolent alors leurs chaussures pour qu&rsquo;elles aient plus d&rsquo;accroche sur les terrains boueux d&rsquo;Angleterre. A tel point, qu&rsquo;en 1845, une premi\u00e8re r\u00e8glementation est \u00e9dict\u00e9e pour encadrer quelque peu les pratiques: \u00ab\u00a0Aucun joueur ne peut &hellip; <a href=\"https:\/\/www.les-chaussures-rugby.fr\/index.php\/histoire-de-la-chaussure-de-rugby\/\" class=\"more-link\">Continuer la lecture<span class=\"screen-reader-text\"> de &laquo;&nbsp;Histoire de la chaussure de rugby&nbsp;&raquo;<\/span><\/a><\/p>\n","protected":false},"author":1,"featured_media":0,"parent":0,"menu_order":0,"comment_status":"closed","ping_status":"closed","template":"","meta":{"footnotes":""},"class_list":["post-28","page","type-page","status-publish","hentry"],"_links":{"self":[{"href":"https:\/\/www.les-chaussures-rugby.fr\/index.php\/wp-json\/wp\/v2\/pages\/28","targetHints":{"allow":["GET"]}}],"collection":[{"href":"https:\/\/www.les-chaussures-rugby.fr\/index.php\/wp-json\/wp\/v2\/pages"}],"about":[{"href":"https:\/\/www.les-chaussures-rugby.fr\/index.php\/wp-json\/wp\/v2\/types\/page"}],"author":[{"embeddable":true,"href":"https:\/\/www.les-chaussures-rugby.fr\/index.php\/wp-json\/wp\/v2\/users\/1"}],"replies":[{"embeddable":true,"href":"https:\/\/www.les-chaussures-rugby.fr\/index.php\/wp-json\/wp\/v2\/comments?post=28"}],"version-history":[{"count":12,"href":"https:\/\/www.les-chaussures-rugby.fr\/index.php\/wp-json\/wp\/v2\/pages\/28\/revisions"}],"predecessor-version":[{"id":58,"href":"https:\/\/www.les-chaussures-rugby.fr\/index.php\/wp-json\/wp\/v2\/pages\/28\/revisions\/58"}],"wp:attachment":[{"href":"https:\/\/www.les-chaussures-rugby.fr\/index.php\/wp-json\/wp\/v2\/media?parent=28"}],"curies":[{"name":"wp","href":"https:\/\/api.w.org\/{rel}","templated":true}]}}