{"id":333,"date":"2018-07-05T14:15:41","date_gmt":"2018-07-05T12:15:41","guid":{"rendered":"http:\/\/www.les-chaussures-rugby.fr\/?page_id=333"},"modified":"2018-07-05T14:15:41","modified_gmt":"2018-07-05T12:15:41","slug":"guide-des-pointures-par-marque","status":"publish","type":"page","link":"https:\/\/www.les-chaussures-rugby.fr\/index.php\/guide-des-pointures-par-marque\/","title":{"rendered":"Guide des pointures par marque"},"content":{"rendered":"<p>Chaque marque a ses propres caract\u00e9ristiques et lorsqu&rsquo;on veut acheter une paire de chaussures de rugby dans une nouvelle marque, c&rsquo;est souvent l&rsquo;inconnu. Surtout quand vous acheter sur internet sans pouvoir essayer.<\/p>\n<p>Donc, pour vous aider \u00e0 vous y retrouver nous vous proposons les correspondances de pointures des grandes marques proposant des chaussures de rugby.<\/p>\n<p><img loading=\"lazy\" decoding=\"async\" class=\"alignnone wp-image-340 size-full\" title=\"Guide des tailles - Chaussures de rugby Adidas\" src=\"http:\/\/www.les-chaussures-rugby.fr\/wp-content\/uploads\/2018\/07\/chaussures-rugby-adidas.png\" alt=\"Guide des tailles - Chaussures de rugby Adidas\" width=\"246\" height=\"205\" \/><\/p>\n<h3>Guide des tailles des chaussures de rugby adidas<\/h3>\n<p>Chaussures adidas enfant<\/p>\n<p><img loading=\"lazy\" decoding=\"async\" class=\"alignnone\" title=\"Correspondance tailles chaussures rugby adidas\" src=\"https:\/\/www.enmoderugby.com\/\/img\/cms\/guide-pointure-chaussure-adidas-enfant.gif\" alt=\"Correspondance tailles chaussures rugby adidas\" width=\"1033\" height=\"644\" \/><\/p>\n<p>Chaussures adidas\u00a0adulte<\/p>\n<p><img loading=\"lazy\" decoding=\"async\" class=\"alignnone\" title=\"Guide des pointures crampons adulte adidas\" src=\"https:\/\/www.enmoderugby.com\/\/img\/cms\/guide-pointure-chaussure-adidas-adulte.gif\" alt=\"Guide des pointures crampons adulte adidas\" width=\"1023\" height=\"784\" \/><\/p>\n<div class=\"size_chart_content\">\n<div class=\"size_chart_information\">\n<div class=\"size_chart_info_wrapper\">\n<div class=\"size_chart_infoblock measure\">\n<h3><\/h3>\n<h3>Comment choisir la bonne taille<\/h3>\n<p>Tout d&rsquo;abord, ne mesurez pas le\u00a0pied le matin. Il gonfle souvent en cours de journ\u00e9e \u00e0 cause de la chaleur et de votre activit\u00e9. Pour choisir la bonne pointure, il vaut donc mieux le faire\u00a0en fin de journ\u00e9e.<\/p>\n<ul>\n<li><strong>LONGUEUR DU TALON AUX ORTEILS :\u00a0<\/strong>Placez une feuille de papier sur le sol, contre un mur. Mettez-vous debout sur la feuille avec le talon contre le mur. Marquez l&rsquo;endroit o\u00f9 vos orteils s&rsquo;arr\u00eatent avec un crayon.<\/li>\n<li>Puis, mesurez la distance qu&rsquo;il y a entre le bout de la feuille de papier et la marque prise, et comparez avec le\u00a0tableau des pointures ci-dessus. Si vous \u00eates entre deux pointures, prenez donc la taille du dessus<\/li>\n<\/ul>\n<\/div>\n<\/div>\n<\/div>\n<\/div>\n<p><img loading=\"lazy\" decoding=\"async\" class=\"alignnone wp-image-337 size-medium\" title=\"Guide des tailles - Chaussures de rugby Asics\" src=\"http:\/\/www.les-chaussures-rugby.fr\/wp-content\/uploads\/2018\/07\/chaussures-rugby-asics-300x104.png\" alt=\"Guide des tailles - Chaussures de rugby Asics\" width=\"300\" height=\"104\" srcset=\"https:\/\/www.les-chaussures-rugby.fr\/wp-content\/uploads\/2018\/07\/chaussures-rugby-asics-300x104.png 300w, https:\/\/www.les-chaussures-rugby.fr\/wp-content\/uploads\/2018\/07\/chaussures-rugby-asics.png 382w\" sizes=\"auto, (max-width: 300px) 85vw, 300px\" \/><\/p>\n<h3>Guide des tailles des chaussures de rugby Asics<\/h3>\n<table>\n<thead>\n<tr>\n<th>UK<\/th>\n<th>EU<\/th>\n<th>CM<\/th>\n<th>US<\/th>\n<\/tr>\n<\/thead>\n<tbody>\n<tr>\n<td>3<\/td>\n<td>36<\/td>\n<td>22.5<\/td>\n<td>4<\/td>\n<\/tr>\n<tr>\n<td>3.5<\/td>\n<td>37<\/td>\n<td>23<\/td>\n<td>4.5<\/td>\n<\/tr>\n<tr>\n<td>4<\/td>\n<td>37.5<\/td>\n<td>23.5<\/td>\n<td>5<\/td>\n<\/tr>\n<tr>\n<td>4.5<\/td>\n<td>38<\/td>\n<td>24<\/td>\n<td>5.5<\/td>\n<\/tr>\n<tr>\n<td>5<\/td>\n<td>39<\/td>\n<td>24.5<\/td>\n<td>6<\/td>\n<\/tr>\n<tr>\n<td>5.5<\/td>\n<td>39.5<\/td>\n<td>25<\/td>\n<td>6.5<\/td>\n<\/tr>\n<tr>\n<td>6<\/td>\n<td>40<\/td>\n<td>25.25<\/td>\n<td>7<\/td>\n<\/tr>\n<tr>\n<td>6.5<\/td>\n<td>40.5<\/td>\n<td>25.5<\/td>\n<td>7.5<\/td>\n<\/tr>\n<tr>\n<td>7<\/td>\n<td>41.5<\/td>\n<td>26<\/td>\n<td>8<\/td>\n<\/tr>\n<tr>\n<td>7.5<\/td>\n<td>42<\/td>\n<td>26.5<\/td>\n<td>8.5<\/td>\n<\/tr>\n<tr>\n<td>8<\/td>\n<td>42.5<\/td>\n<td>27<\/td>\n<td>9<\/td>\n<\/tr>\n<tr>\n<td>8.5<\/td>\n<td>43.5<\/td>\n<td>27.5<\/td>\n<td>9.5<\/td>\n<\/tr>\n<tr>\n<td>9<\/td>\n<td>44<\/td>\n<td>28<\/td>\n<td>10<\/td>\n<\/tr>\n<tr>\n<td>9.5<\/td>\n<td>44.5<\/td>\n<td>28.25<\/td>\n<td>10.5<\/td>\n<\/tr>\n<tr>\n<td>10<\/td>\n<td>45<\/td>\n<td>28.5<\/td>\n<td>11<\/td>\n<\/tr>\n<tr>\n<td>10.5<\/td>\n<td>46<\/td>\n<td>29<\/td>\n<td>11.5<\/td>\n<\/tr>\n<tr>\n<td>11<\/td>\n<td>46.5<\/td>\n<td>29.5<\/td>\n<td>12<\/td>\n<\/tr>\n<tr>\n<td>11.5<\/td>\n<td>47<\/td>\n<td>30<\/td>\n<td>12.5<\/td>\n<\/tr>\n<tr>\n<td>12<\/td>\n<td>48<\/td>\n<td>30.5<\/td>\n<td>13<\/td>\n<\/tr>\n<tr>\n<td>13<\/td>\n<td>49<\/td>\n<td>31<\/td>\n<td>14<\/td>\n<\/tr>\n<tr>\n<td>14<\/td>\n<td>50.5<\/td>\n<td>32<\/td>\n<td>15<\/td>\n<\/tr>\n<tr>\n<td>15<\/td>\n<td>51.5<\/td>\n<td>33.5<\/td>\n<td>16<\/td>\n<\/tr>\n<\/tbody>\n<\/table>\n<p>&nbsp;<\/p>\n<p><img loading=\"lazy\" decoding=\"async\" class=\"alignnone wp-image-338 size-full\" title=\"Guide des tailles - Chaussures de rugby Canterbury\" src=\"http:\/\/www.les-chaussures-rugby.fr\/wp-content\/uploads\/2018\/07\/chaussures-rugby-canterbury.png\" alt=\"Guide des tailles - Chaussures de rugby Canterbury\" width=\"270\" height=\"187\" \/><\/p>\n<h3>Guide des tailles des chaussures de rugby CCC<\/h3>\n<p><img decoding=\"async\" src=\"https:\/\/www.enmoderugby.com\/img\/grille-taille-chaussure-rugby-canterbury.jpg\" alt=\"Correspondance de Tailles des chaussures Canterbury\" \/><\/p>\n<p>&nbsp;<\/p>\n<p><img loading=\"lazy\" decoding=\"async\" class=\"alignnone wp-image-339 size-medium\" title=\"Guide des tailles - Chaussures de rugby Gilbert\" src=\"http:\/\/www.les-chaussures-rugby.fr\/wp-content\/uploads\/2018\/07\/chaussures-rugby-gilbert-300x158.png\" alt=\"Guide des tailles - Chaussures de rugby Gilbert\" width=\"300\" height=\"158\" srcset=\"https:\/\/www.les-chaussures-rugby.fr\/wp-content\/uploads\/2018\/07\/chaussures-rugby-gilbert-300x158.png 300w, https:\/\/www.les-chaussures-rugby.fr\/wp-content\/uploads\/2018\/07\/chaussures-rugby-gilbert.png 310w\" sizes=\"auto, (max-width: 300px) 85vw, 300px\" \/><\/p>\n<table class=\"sizeguide\" cellspacing=\"0\" cellpadding=\"0\">\n<tbody>\n<tr>\n<td class=\"header\" colspan=\"13\">\n<h4>GUIDE\u00a0DES\u00a0TAILLES\u00a0DE\u00a0CHAUSSURES GILBERT<\/h4>\n<\/td>\n<\/tr>\n<tr>\n<td class=\"left\">UK<\/td>\n<td class=\"top\">12<\/td>\n<td class=\"top\">13<\/td>\n<td class=\"top\">1<\/td>\n<td class=\"top\">1.5<\/td>\n<td class=\"top\">2<\/td>\n<td class=\"top\">2.5<\/td>\n<td class=\"top\">3.5<\/td>\n<td class=\"top\">4<\/td>\n<td class=\"top\">5<\/td>\n<td class=\"top\">6<\/td>\n<td class=\"top\">7<\/td>\n<td class=\"top\">7.5<\/td>\n<\/tr>\n<tr>\n<td class=\"left\">USA<\/td>\n<td>13<\/td>\n<td>1<\/td>\n<td>2<\/td>\n<td>2.5<\/td>\n<td>2.5<\/td>\n<td>3<\/td>\n<td>4<\/td>\n<td>4.5<\/td>\n<td>5.5<\/td>\n<td>6.5<\/td>\n<td>7.5<\/td>\n<td>8<\/td>\n<\/tr>\n<tr>\n<td class=\"left\">EUR<\/td>\n<td>30<\/td>\n<td>31<\/td>\n<td>32.5<\/td>\n<td>33<\/td>\n<td>34<\/td>\n<td>35<\/td>\n<td>36<\/td>\n<td>37<\/td>\n<td>38<\/td>\n<td>39<\/td>\n<td>40<\/td>\n<td>41<\/td>\n<\/tr>\n<tr>\n<td class=\"left\">UK<\/td>\n<td class=\"top\">8<\/td>\n<td class=\"top\">9<\/td>\n<td class=\"top\">9.5<\/td>\n<td class=\"top\">10.5<\/td>\n<td class=\"top\">11.5<\/td>\n<td class=\"top\">12<\/td>\n<td class=\"top\">13<\/td>\n<td class=\"top\">14<\/td>\n<td class=\"top\">15<\/td>\n<td class=\"top\"><\/td>\n<td class=\"top\"><\/td>\n<td class=\"top\"><\/td>\n<\/tr>\n<tr>\n<td class=\"left\">USA<\/td>\n<td>8.5<\/td>\n<td>9.5<\/td>\n<td>10<\/td>\n<td>11<\/td>\n<td>12<\/td>\n<td>13<\/td>\n<td>13.5<\/td>\n<td>14.5<\/td>\n<td>15.5<\/td>\n<td><\/td>\n<td><\/td>\n<td><\/td>\n<\/tr>\n<tr>\n<td class=\"left\">EUR<\/td>\n<td>42<\/td>\n<td>43<\/td>\n<td>44<\/td>\n<td>45<\/td>\n<td>46<\/td>\n<td>47<\/td>\n<td>48<\/td>\n<td>49<\/td>\n<td>50<\/td>\n<td><\/td>\n<td><\/td>\n<td><\/td>\n<\/tr>\n<\/tbody>\n<\/table>\n<p>&nbsp;<\/p>\n<p><img loading=\"lazy\" decoding=\"async\" class=\"alignnone wp-image-335 size-medium\" title=\"Guide des tailles - Chaussures de rugby Mizuno\" src=\"http:\/\/www.les-chaussures-rugby.fr\/wp-content\/uploads\/2018\/07\/chaussures-rugby-mizuno-300x145.png\" alt=\"Guide des tailles - Chaussures de rugby Mizuno\" width=\"300\" height=\"145\" srcset=\"https:\/\/www.les-chaussures-rugby.fr\/wp-content\/uploads\/2018\/07\/chaussures-rugby-mizuno-300x145.png 300w, https:\/\/www.les-chaussures-rugby.fr\/wp-content\/uploads\/2018\/07\/chaussures-rugby-mizuno.png 322w\" sizes=\"auto, (max-width: 300px) 85vw, 300px\" \/><\/p>\n<h3>Guide des pointures des chaussures de rugby Mizuno<\/h3>\n<p>Voici un moyen simple et fiable pour mesurer votre pied et choisir la bonne pointure :<\/p>\n<p>1- Prenez une feuille de papier et posez-la par terre contre un mur.<\/p>\n<p>2- Posez votre pied (en chaussette) sur la feuille, le talon contre le mur.<\/p>\n<p>3- Tracez un trait \u00e0 l\u2019extr\u00e9mit\u00e9 de votre pied (au bout de l\u2019orteil le plus long).<\/p>\n<p>4- Mesurez la distance (en cm) entre le bord de la feuille et le trait que vous avez trac\u00e9 (arrondir au millim\u00e8tre sup\u00e9rieur).<\/p>\n<p>5- Reportez-vous au tableau de correspondance ci-dessous pour d\u00e9terminer votre pointure.<\/p>\n<h4>POINTURES FEMME<\/h4>\n<table>\n<tbody>\n<tr>\n<td class=\"brand-color\">Pointure (cm)<\/td>\n<td>23<\/td>\n<td>23,5<\/td>\n<td>24<\/td>\n<td>24,5<\/td>\n<td>25<\/td>\n<td>25,5<\/td>\n<td>26<\/td>\n<td>26,5<\/td>\n<td>27<\/td>\n<\/tr>\n<tr>\n<td class=\"brand-color\">Pointure UK<\/td>\n<td>6,5<\/td>\n<td>7<\/td>\n<td>7,5<\/td>\n<td>8<\/td>\n<td>8,5<\/td>\n<td>9<\/td>\n<td>9,5<\/td>\n<td>10<\/td>\n<td>10,5<\/td>\n<\/tr>\n<tr>\n<td class=\"brand-color\">Pointure EUR<\/td>\n<td>36,5<\/td>\n<td>37<\/td>\n<td>38<\/td>\n<td>38,5<\/td>\n<td>39<\/td>\n<td>40<\/td>\n<td>40,5<\/td>\n<td>41<\/td>\n<td>42<\/td>\n<\/tr>\n<\/tbody>\n<\/table>\n<h4>POINTURES HOMME<\/h4>\n<table>\n<tbody>\n<tr>\n<td class=\"brand-color\">Pointure (cm)<\/td>\n<td>25,5<\/td>\n<td>26<\/td>\n<td>26,5<\/td>\n<td>27<\/td>\n<td>27,5<\/td>\n<td>28<\/td>\n<td>28,5<\/td>\n<td>29<\/td>\n<td>29,5<\/td>\n<td>30<\/td>\n<\/tr>\n<tr>\n<td class=\"brand-color\">Pointure UK<\/td>\n<td>6,5<\/td>\n<td>7<\/td>\n<td>7,5<\/td>\n<td>8<\/td>\n<td>8,5<\/td>\n<td>9<\/td>\n<td>9,5<\/td>\n<td>10<\/td>\n<td>10,5<\/td>\n<td>11<\/td>\n<\/tr>\n<tr>\n<td class=\"brand-color\">Pointure EUR<\/td>\n<td>40<\/td>\n<td>40,5<\/td>\n<td>41<\/td>\n<td>42<\/td>\n<td>42,5<\/td>\n<td>43<\/td>\n<td>44<\/td>\n<td>44,5<\/td>\n<td>45<\/td>\n<td>46<\/td>\n<\/tr>\n<\/tbody>\n<\/table>\n<p>&nbsp;<\/p>\n<p><img loading=\"lazy\" decoding=\"async\" class=\"alignnone wp-image-334 size-medium\" title=\"Guide des tailles - Chaussures de rugby New Balance\" src=\"http:\/\/www.les-chaussures-rugby.fr\/wp-content\/uploads\/2018\/07\/chaussures-rugby-new-balance-300x164.png\" alt=\"Guide des tailles - Chaussures de rugby New Balance\" width=\"300\" height=\"164\" srcset=\"https:\/\/www.les-chaussures-rugby.fr\/wp-content\/uploads\/2018\/07\/chaussures-rugby-new-balance-300x164.png 300w, https:\/\/www.les-chaussures-rugby.fr\/wp-content\/uploads\/2018\/07\/chaussures-rugby-new-balance.png 303w\" sizes=\"auto, (max-width: 300px) 85vw, 300px\" \/><\/p>\n<h3>Guide des pointures des chaussures de rugby New Balance<\/h3>\n<p><img loading=\"lazy\" decoding=\"async\" class=\"alignnone wp-image-341 size-large\" title=\"Correspondances pointures chaussures rugby New Balance\" src=\"http:\/\/www.les-chaussures-rugby.fr\/wp-content\/uploads\/2018\/07\/guide-taille-chaussures-rugby-new-balance-617x1024.gif\" alt=\"Correspondances pointures chaussures rugby New Balance\" width=\"617\" height=\"1024\" srcset=\"https:\/\/www.les-chaussures-rugby.fr\/wp-content\/uploads\/2018\/07\/guide-taille-chaussures-rugby-new-balance-617x1024.gif 617w, https:\/\/www.les-chaussures-rugby.fr\/wp-content\/uploads\/2018\/07\/guide-taille-chaussures-rugby-new-balance-181x300.gif 181w, https:\/\/www.les-chaussures-rugby.fr\/wp-content\/uploads\/2018\/07\/guide-taille-chaussures-rugby-new-balance-768x1275.gif 768w\" sizes=\"auto, (max-width: 617px) 85vw, 617px\" \/><\/p>\n<p><img loading=\"lazy\" decoding=\"async\" class=\"alignnone wp-image-336 size-full\" title=\"Guide des tailles - Chaussures de rugby Puma\" src=\"http:\/\/www.les-chaussures-rugby.fr\/wp-content\/uploads\/2018\/07\/chaussures-rugby-puma.png\" alt=\"Guide des tailles - Chaussures de rugby Puma\" width=\"287\" height=\"175\" \/><\/p>\n<h3>Guide des pointures des chaussures de rugby Puma<\/h3>\n<table border=\"0\" width=\"655\" cellspacing=\"0\" cellpadding=\"0\">\n<tbody>\n<tr>\n<td colspan=\"4\" height=\"25\"><strong>FEMME ET HOMME &#8211; TAILLES DE CHAUSSURES<\/strong><\/td>\n<td><\/td>\n<td><\/td>\n<td><\/td>\n<td><\/td>\n<td><\/td>\n<td><\/td>\n<td><\/td>\n<td><\/td>\n<\/tr>\n<tr>\n<td height=\"20\"><\/td>\n<td><\/td>\n<td><\/td>\n<td><\/td>\n<td><\/td>\n<td><\/td>\n<td><\/td>\n<td><\/td>\n<td><\/td>\n<td><\/td>\n<td><\/td>\n<td><\/td>\n<\/tr>\n<tr>\n<td height=\"20\"><strong>FEMME<\/strong><\/td>\n<td colspan=\"5\"><strong>TAILLES DE CHAUSSURES<\/strong><\/td>\n<td><\/td>\n<td><\/td>\n<td><\/td>\n<td><\/td>\n<td><\/td>\n<td><\/td>\n<\/tr>\n<tr>\n<td height=\"20\"><\/td>\n<td><strong>DEU<\/strong><\/td>\n<td><strong>UK<\/strong><\/td>\n<td><strong>FRA<\/strong><\/td>\n<td><strong>ITA<\/strong><\/td>\n<td><strong>SP<\/strong><\/td>\n<td><\/td>\n<td><\/td>\n<td><\/td>\n<td><\/td>\n<td><\/td>\n<td><\/td>\n<\/tr>\n<tr>\n<td height=\"20\"><\/td>\n<td>35.5<\/td>\n<td>3<\/td>\n<td>35.5<\/td>\n<td>35.5<\/td>\n<td>35.5<\/td>\n<td><\/td>\n<td><\/td>\n<td><\/td>\n<td><\/td>\n<td><\/td>\n<td><\/td>\n<\/tr>\n<tr>\n<td height=\"20\"><\/td>\n<td>36<\/td>\n<td>3.5<\/td>\n<td>36<\/td>\n<td>36<\/td>\n<td>36<\/td>\n<td><\/td>\n<td><\/td>\n<td><\/td>\n<td><\/td>\n<td><\/td>\n<td><\/td>\n<\/tr>\n<tr>\n<td height=\"20\"><\/td>\n<td>37<\/td>\n<td>4<\/td>\n<td>37<\/td>\n<td>37<\/td>\n<td>37<\/td>\n<td><\/td>\n<td><\/td>\n<td><\/td>\n<td><\/td>\n<td><\/td>\n<td><\/td>\n<\/tr>\n<tr>\n<td height=\"20\"><\/td>\n<td>37.5<\/td>\n<td>4.5<\/td>\n<td>37.5<\/td>\n<td>37.5<\/td>\n<td>37.5<\/td>\n<td><\/td>\n<td><\/td>\n<td><\/td>\n<td><\/td>\n<td><\/td>\n<td><\/td>\n<\/tr>\n<tr>\n<td height=\"20\"><\/td>\n<td>38<\/td>\n<td>5<\/td>\n<td>38<\/td>\n<td>38<\/td>\n<td>38<\/td>\n<td><\/td>\n<td><\/td>\n<td><\/td>\n<td><\/td>\n<td><\/td>\n<td><\/td>\n<\/tr>\n<tr>\n<td height=\"20\"><\/td>\n<td>38.5<\/td>\n<td>5.5<\/td>\n<td>38.5<\/td>\n<td>38.5<\/td>\n<td>38.5<\/td>\n<td><\/td>\n<td><\/td>\n<td><\/td>\n<td><\/td>\n<td><\/td>\n<td><\/td>\n<\/tr>\n<tr>\n<td height=\"20\"><\/td>\n<td>39<\/td>\n<td>6<\/td>\n<td>39<\/td>\n<td>39<\/td>\n<td>39<\/td>\n<td><\/td>\n<td><\/td>\n<td><\/td>\n<td><\/td>\n<td><\/td>\n<td><\/td>\n<\/tr>\n<tr>\n<td height=\"20\"><\/td>\n<td>40<\/td>\n<td>6.5<\/td>\n<td>40<\/td>\n<td>40<\/td>\n<td>40<\/td>\n<td><\/td>\n<td><\/td>\n<td><\/td>\n<td><\/td>\n<td><\/td>\n<td><\/td>\n<\/tr>\n<tr>\n<td height=\"20\"><\/td>\n<td>40.5<\/td>\n<td>7<\/td>\n<td>40.5<\/td>\n<td>40.5<\/td>\n<td>40.5<\/td>\n<td><\/td>\n<td><\/td>\n<td><\/td>\n<td><\/td>\n<td><\/td>\n<td><\/td>\n<\/tr>\n<tr>\n<td height=\"20\"><\/td>\n<td>41<\/td>\n<td>7.5<\/td>\n<td>41<\/td>\n<td>41<\/td>\n<td>41<\/td>\n<td><\/td>\n<td><\/td>\n<td><\/td>\n<td><\/td>\n<td><\/td>\n<td><\/td>\n<\/tr>\n<tr>\n<td height=\"20\"><\/td>\n<td>42<\/td>\n<td>8<\/td>\n<td>42<\/td>\n<td>42<\/td>\n<td>42<\/td>\n<td><\/td>\n<td><\/td>\n<td><\/td>\n<td><\/td>\n<td><\/td>\n<td><\/td>\n<\/tr>\n<tr>\n<td height=\"20\"><\/td>\n<td>42.5<\/td>\n<td>8.5<\/td>\n<td>42.5<\/td>\n<td>42.5<\/td>\n<td>42.5<\/td>\n<td><\/td>\n<td><\/td>\n<td><\/td>\n<td><\/td>\n<td><\/td>\n<td><\/td>\n<\/tr>\n<tr>\n<td height=\"20\"><\/td>\n<td><\/td>\n<td><\/td>\n<td><\/td>\n<td><\/td>\n<td><\/td>\n<td><\/td>\n<td><\/td>\n<td><\/td>\n<td><\/td>\n<td><\/td>\n<td><\/td>\n<\/tr>\n<tr>\n<td height=\"20\"><\/td>\n<td><\/td>\n<td><\/td>\n<td><\/td>\n<td><\/td>\n<td><\/td>\n<td><\/td>\n<td><\/td>\n<td><\/td>\n<td><\/td>\n<td><\/td>\n<td><\/td>\n<\/tr>\n<tr>\n<td height=\"20\"><strong>HOMME<\/strong><\/td>\n<td colspan=\"5\"><strong>TAILLES DE CHAUSSURES<\/strong><\/td>\n<td><\/td>\n<td><\/td>\n<td><\/td>\n<td><\/td>\n<td><\/td>\n<td><\/td>\n<\/tr>\n<tr>\n<td height=\"20\"><\/td>\n<td><strong>DEU<\/strong><\/td>\n<td><strong>UK<\/strong><\/td>\n<td><strong>FRA<\/strong><\/td>\n<td><strong>ITA<\/strong><\/td>\n<td><strong>SP<\/strong><\/td>\n<td><\/td>\n<td><\/td>\n<td><\/td>\n<td><\/td>\n<td><\/td>\n<td><\/td>\n<\/tr>\n<tr>\n<td height=\"20\"><\/td>\n<td>38<\/td>\n<td>5<\/td>\n<td>38<\/td>\n<td>38<\/td>\n<td>38<\/td>\n<td><\/td>\n<td><\/td>\n<td><\/td>\n<td><\/td>\n<td><\/td>\n<td><\/td>\n<\/tr>\n<tr>\n<td height=\"20\"><\/td>\n<td>38.5<\/td>\n<td>5.5<\/td>\n<td>38.5<\/td>\n<td>38.5<\/td>\n<td>38.5<\/td>\n<td><\/td>\n<td><\/td>\n<td><\/td>\n<td><\/td>\n<td><\/td>\n<td><\/td>\n<\/tr>\n<tr>\n<td height=\"20\"><\/td>\n<td>39<\/td>\n<td>6<\/td>\n<td>39<\/td>\n<td>39<\/td>\n<td>39<\/td>\n<td><\/td>\n<td><\/td>\n<td><\/td>\n<td><\/td>\n<td><\/td>\n<td><\/td>\n<\/tr>\n<tr>\n<td height=\"20\"><\/td>\n<td>40<\/td>\n<td>6.5<\/td>\n<td>40<\/td>\n<td>40<\/td>\n<td>40<\/td>\n<td><\/td>\n<td><\/td>\n<td><\/td>\n<td><\/td>\n<td><\/td>\n<td><\/td>\n<\/tr>\n<tr>\n<td height=\"20\"><\/td>\n<td>40.5<\/td>\n<td>7<\/td>\n<td>40.5<\/td>\n<td>40.5<\/td>\n<td>40.5<\/td>\n<td><\/td>\n<td><\/td>\n<td><\/td>\n<td><\/td>\n<td><\/td>\n<td><\/td>\n<\/tr>\n<tr>\n<td height=\"20\"><\/td>\n<td>41<\/td>\n<td>7.5<\/td>\n<td>41<\/td>\n<td>41<\/td>\n<td>41<\/td>\n<td><\/td>\n<td><\/td>\n<td><\/td>\n<td><\/td>\n<td><\/td>\n<td><\/td>\n<\/tr>\n<tr>\n<td height=\"20\"><\/td>\n<td>42<\/td>\n<td>8<\/td>\n<td>42<\/td>\n<td>42<\/td>\n<td>42<\/td>\n<td><\/td>\n<td><\/td>\n<td><\/td>\n<td><\/td>\n<td><\/td>\n<td><\/td>\n<\/tr>\n<tr>\n<td height=\"20\"><\/td>\n<td>42.5<\/td>\n<td>8.5<\/td>\n<td>42.5<\/td>\n<td>42.5<\/td>\n<td>42.5<\/td>\n<td><\/td>\n<td><\/td>\n<td><\/td>\n<td><\/td>\n<td><\/td>\n<td><\/td>\n<\/tr>\n<tr>\n<td height=\"20\"><\/td>\n<td>43<\/td>\n<td>9<\/td>\n<td>43<\/td>\n<td>43<\/td>\n<td>43<\/td>\n<td><\/td>\n<td><\/td>\n<td><\/td>\n<td><\/td>\n<td><\/td>\n<td><\/td>\n<\/tr>\n<tr>\n<td height=\"20\"><\/td>\n<td>44<\/td>\n<td>9.5<\/td>\n<td>44<\/td>\n<td>44<\/td>\n<td>44<\/td>\n<td><\/td>\n<td><\/td>\n<td><\/td>\n<td><\/td>\n<td><\/td>\n<td><\/td>\n<\/tr>\n<tr>\n<td height=\"20\"><\/td>\n<td>44.5<\/td>\n<td>10<\/td>\n<td>44.5<\/td>\n<td>44.5<\/td>\n<td>44.5<\/td>\n<td><\/td>\n<td><\/td>\n<td><\/td>\n<td><\/td>\n<td><\/td>\n<td><\/td>\n<\/tr>\n<tr>\n<td height=\"20\"><\/td>\n<td>45<\/td>\n<td>10.5<\/td>\n<td>45<\/td>\n<td>45<\/td>\n<td>45<\/td>\n<td><\/td>\n<td><\/td>\n<td><\/td>\n<td><\/td>\n<td><\/td>\n<td><\/td>\n<\/tr>\n<tr>\n<td height=\"20\"><\/td>\n<td>46<\/td>\n<td>11<\/td>\n<td>46<\/td>\n<td>46<\/td>\n<td>46<\/td>\n<td><\/td>\n<td><\/td>\n<td><\/td>\n<td><\/td>\n<td><\/td>\n<td><\/td>\n<\/tr>\n<tr>\n<td height=\"20\"><\/td>\n<td>46.5<\/td>\n<td>11.5<\/td>\n<td>46.5<\/td>\n<td>46.5<\/td>\n<td>46.5<\/td>\n<td><\/td>\n<td><\/td>\n<td><\/td>\n<td><\/td>\n<td><\/td>\n<td><\/td>\n<\/tr>\n<tr>\n<td height=\"20\"><\/td>\n<td>47<\/td>\n<td>12<\/td>\n<td>47<\/td>\n<td>47<\/td>\n<td>47<\/td>\n<td><\/td>\n<td><\/td>\n<td><\/td>\n<td><\/td>\n<td><\/td>\n<td><\/td>\n<\/tr>\n<tr>\n<td height=\"20\"><\/td>\n<td>48.5<\/td>\n<td>13<\/td>\n<td>48.5<\/td>\n<td>48.5<\/td>\n<td>48.5<\/td>\n<td><\/td>\n<td><\/td>\n<td><\/td>\n<td><\/td>\n<td><\/td>\n<td><\/td>\n<\/tr>\n<tr>\n<td height=\"20\"><\/td>\n<td>49.5<\/td>\n<td>14<\/td>\n<td>49.5<\/td>\n<td>49.5<\/td>\n<td>49.5<\/td>\n<td><\/td>\n<td><\/td>\n<td><\/td>\n<td><\/td>\n<td><\/td>\n<td><\/td>\n<\/tr>\n<tr>\n<td height=\"20\"><\/td>\n<td>51<\/td>\n<td>15<\/td>\n<td>51<\/td>\n<td>51<\/td>\n<td>51<\/td>\n<\/tr>\n<\/tbody>\n<\/table>\n<table border=\"0\" width=\"655\" cellspacing=\"0\" cellpadding=\"0\">\n<tbody>\n<tr>\n<td colspan=\"6\" rowspan=\"1\" height=\"25\"><strong>B\u00c9B\u00c9, ENFANT ET ADOLESCENT &#8211; TAILLES DE CHAUSSURES<\/strong><\/td>\n<td><\/td>\n<td><\/td>\n<td><\/td>\n<td><\/td>\n<td><\/td>\n<td><\/td>\n<\/tr>\n<tr>\n<td height=\"20\"><\/td>\n<td><\/td>\n<td><\/td>\n<td><\/td>\n<td><\/td>\n<td><\/td>\n<td><\/td>\n<td><\/td>\n<td><\/td>\n<td><\/td>\n<td><\/td>\n<td><\/td>\n<\/tr>\n<tr>\n<td height=\"20\"><strong>B\u00c9B\u00c9, ENFANT ET<\/strong><\/td>\n<td colspan=\"5\"><strong>TAILLES DE CHAUSSURES<\/strong><\/td>\n<td><\/td>\n<td><\/td>\n<td><\/td>\n<td><\/td>\n<td><\/td>\n<td><\/td>\n<\/tr>\n<tr>\n<td height=\"20\"><strong>ADOLESCENT<\/strong><\/td>\n<td><strong>DEU<\/strong><\/td>\n<td><strong>UK<\/strong><\/td>\n<td><strong>FRA<\/strong><\/td>\n<td><strong>ITA<\/strong><\/td>\n<td><strong>SP<\/strong><\/td>\n<td><\/td>\n<td><\/td>\n<td><\/td>\n<td><\/td>\n<td><\/td>\n<td><\/td>\n<\/tr>\n<tr>\n<td height=\"20\"><\/td>\n<td>18<\/td>\n<td>2<\/td>\n<td>18<\/td>\n<td>18<\/td>\n<td>18<\/td>\n<td><\/td>\n<td><\/td>\n<td><\/td>\n<td><\/td>\n<td><\/td>\n<td><\/td>\n<\/tr>\n<tr>\n<td height=\"20\"><\/td>\n<td>19<\/td>\n<td>3<\/td>\n<td>19<\/td>\n<td>19<\/td>\n<td>19<\/td>\n<td><\/td>\n<td><\/td>\n<td><\/td>\n<td><\/td>\n<td><\/td>\n<td><\/td>\n<\/tr>\n<tr>\n<td height=\"20\"><\/td>\n<td>20<\/td>\n<td>4<\/td>\n<td>20<\/td>\n<td>20<\/td>\n<td>20<\/td>\n<td><\/td>\n<td><\/td>\n<td><\/td>\n<td><\/td>\n<td><\/td>\n<td><\/td>\n<\/tr>\n<tr>\n<td height=\"20\"><\/td>\n<td>21<\/td>\n<td>4.5<\/td>\n<td>21<\/td>\n<td>21<\/td>\n<td>21<\/td>\n<td><\/td>\n<td><\/td>\n<td><\/td>\n<td><\/td>\n<td><\/td>\n<td><\/td>\n<\/tr>\n<tr>\n<td height=\"20\"><\/td>\n<td>22<\/td>\n<td>5<\/td>\n<td>22<\/td>\n<td>22<\/td>\n<td>22<\/td>\n<td><\/td>\n<td><\/td>\n<td><\/td>\n<td><\/td>\n<td><\/td>\n<td><\/td>\n<\/tr>\n<tr>\n<td height=\"20\"><\/td>\n<td>23<\/td>\n<td>6<\/td>\n<td>23<\/td>\n<td>23<\/td>\n<td>23<\/td>\n<td><\/td>\n<td><\/td>\n<td><\/td>\n<td><\/td>\n<td><\/td>\n<td><\/td>\n<\/tr>\n<tr>\n<td height=\"20\"><\/td>\n<td>24<\/td>\n<td>7<\/td>\n<td>24<\/td>\n<td>24<\/td>\n<td>24<\/td>\n<td><\/td>\n<td><\/td>\n<td><\/td>\n<td><\/td>\n<td><\/td>\n<td><\/td>\n<\/tr>\n<tr>\n<td height=\"20\"><\/td>\n<td>25<\/td>\n<td>8<\/td>\n<td>25<\/td>\n<td>25<\/td>\n<td>25<\/td>\n<td><\/td>\n<td><\/td>\n<td><\/td>\n<td><\/td>\n<td><\/td>\n<td><\/td>\n<\/tr>\n<tr>\n<td height=\"20\"><\/td>\n<td>26<\/td>\n<td>8.5<\/td>\n<td>26<\/td>\n<td>26<\/td>\n<td>26<\/td>\n<td><\/td>\n<td><\/td>\n<td><\/td>\n<td><\/td>\n<td><\/td>\n<td><\/td>\n<\/tr>\n<tr>\n<td height=\"20\"><\/td>\n<td>27<\/td>\n<td>9<\/td>\n<td>27<\/td>\n<td>27<\/td>\n<td>27<\/td>\n<td><\/td>\n<td><\/td>\n<td><\/td>\n<td><\/td>\n<td><\/td>\n<td><\/td>\n<\/tr>\n<tr>\n<td height=\"20\"><\/td>\n<td>28<\/td>\n<td>10<\/td>\n<td>28<\/td>\n<td>28<\/td>\n<td>28<\/td>\n<td><\/td>\n<td><\/td>\n<td><\/td>\n<td><\/td>\n<td><\/td>\n<td><\/td>\n<\/tr>\n<tr>\n<td height=\"20\"><\/td>\n<td>29<\/td>\n<td>11<\/td>\n<td>29<\/td>\n<td>29<\/td>\n<td>29<\/td>\n<td><\/td>\n<td><\/td>\n<td><\/td>\n<td><\/td>\n<td><\/td>\n<td><\/td>\n<\/tr>\n<tr>\n<td height=\"20\"><\/td>\n<td>30<\/td>\n<td>11.5<\/td>\n<td>30<\/td>\n<td>30<\/td>\n<td>30<\/td>\n<td><\/td>\n<td><\/td>\n<td><\/td>\n<td><\/td>\n<td><\/td>\n<td><\/td>\n<\/tr>\n<tr>\n<td height=\"20\"><\/td>\n<td>31<\/td>\n<td>12<\/td>\n<td>31<\/td>\n<td>31<\/td>\n<td>31<\/td>\n<td><\/td>\n<td><\/td>\n<td><\/td>\n<td><\/td>\n<td><\/td>\n<td><\/td>\n<\/tr>\n<tr>\n<td height=\"20\"><\/td>\n<td>32<\/td>\n<td>13<\/td>\n<td>32<\/td>\n<td>32<\/td>\n<td>32<\/td>\n<td><\/td>\n<td><\/td>\n<td><\/td>\n<td><\/td>\n<td><\/td>\n<td><\/td>\n<\/tr>\n<tr>\n<td height=\"20\"><\/td>\n<td>32.5<\/td>\n<td>13.5<\/td>\n<td>32.5<\/td>\n<td>32.5<\/td>\n<td>32.5<\/td>\n<td><\/td>\n<td><\/td>\n<td><\/td>\n<td><\/td>\n<td><\/td>\n<td><\/td>\n<\/tr>\n<tr>\n<td height=\"20\"><\/td>\n<td>33<\/td>\n<td>1<\/td>\n<td>33<\/td>\n<td>33<\/td>\n<td>33<\/td>\n<td><\/td>\n<td><\/td>\n<td><\/td>\n<td><\/td>\n<td><\/td>\n<td><\/td>\n<\/tr>\n<tr>\n<td height=\"20\"><\/td>\n<td>34<\/td>\n<td>1.5<\/td>\n<td>34<\/td>\n<td>34<\/td>\n<td>34<\/td>\n<td><\/td>\n<td><\/td>\n<td><\/td>\n<td><\/td>\n<td><\/td>\n<td><\/td>\n<\/tr>\n<tr>\n<td height=\"20\"><\/td>\n<td>34.5<\/td>\n<td>2<\/td>\n<td>34.5<\/td>\n<td>34.5<\/td>\n<td>34.5<\/td>\n<td><\/td>\n<td><\/td>\n<td><\/td>\n<td><\/td>\n<td><\/td>\n<td><\/td>\n<\/tr>\n<tr>\n<td height=\"20\"><\/td>\n<td>35<\/td>\n<td>2.5<\/td>\n<td>35<\/td>\n<td>35<\/td>\n<td>35<\/td>\n<td><\/td>\n<td><\/td>\n<td><\/td>\n<td><\/td>\n<td><\/td>\n<td><\/td>\n<\/tr>\n<tr>\n<td height=\"20\"><\/td>\n<td>35.5<\/td>\n<td>3<\/td>\n<td>35.5<\/td>\n<td>35.5<\/td>\n<td>35.5<\/td>\n<td><\/td>\n<td><\/td>\n<td><\/td>\n<td><\/td>\n<td><\/td>\n<td><\/td>\n<\/tr>\n<tr>\n<td height=\"20\"><\/td>\n<td><\/td>\n<td><\/td>\n<td><\/td>\n<td><\/td>\n<td><\/td>\n<td><\/td>\n<td><\/td>\n<td><\/td>\n<td><\/td>\n<td><\/td>\n<td><\/td>\n<\/tr>\n<\/tbody>\n<\/table>\n<h2>Autre Conseils pour bien choisir sa pointure<\/h2>\n<p>Attention, tous ces tableaux sont de correspondance sont fournis par les marques \u00e0 titre indicatif. Ils permettent de donc minimiser les erreurs mais ne sont pas\u00a0infaillible. Par cons\u00e9quent, en cas de doute, nous vous conseillons \u00e0 prendre la pointure du dessus.<\/p>\n<p>Selon les marques et les sites internet, les pointures sont donn\u00e9es en pointures fran\u00e7aises, en pointure UK ou US !\u00a0V\u00e9rifiez donc, avant d&rsquo;acheter, quelle est l&rsquo;unit\u00e9 de mesure utilis\u00e9e.<\/p>\n","protected":false},"excerpt":{"rendered":"<p>Chaque marque a ses propres caract\u00e9ristiques et lorsqu&rsquo;on veut acheter une paire de chaussures de rugby dans une nouvelle marque, c&rsquo;est souvent l&rsquo;inconnu. Surtout quand vous acheter sur internet sans pouvoir essayer. Donc, pour vous aider \u00e0 vous y retrouver nous vous proposons les correspondances de pointures des grandes marques proposant des chaussures de rugby. &hellip; <a href=\"https:\/\/www.les-chaussures-rugby.fr\/index.php\/guide-des-pointures-par-marque\/\" class=\"more-link\">Continuer la lecture<span class=\"screen-reader-text\"> de &laquo;&nbsp;Guide des pointures par marque&nbsp;&raquo;<\/span><\/a><\/p>\n","protected":false},"author":1,"featured_media":0,"parent":0,"menu_order":0,"comment_status":"closed","ping_status":"closed","template":"","meta":{"footnotes":""},"class_list":["post-333","page","type-page","status-publish","hentry"],"_links":{"self":[{"href":"https:\/\/www.les-chaussures-rugby.fr\/index.php\/wp-json\/wp\/v2\/pages\/333","targetHints":{"allow":["GET"]}}],"collection":[{"href":"https:\/\/www.les-chaussures-rugby.fr\/index.php\/wp-json\/wp\/v2\/pages"}],"about":[{"href":"https:\/\/www.les-chaussures-rugby.fr\/index.php\/wp-json\/wp\/v2\/types\/page"}],"author":[{"embeddable":true,"href":"https:\/\/www.les-chaussures-rugby.fr\/index.php\/wp-json\/wp\/v2\/users\/1"}],"replies":[{"embeddable":true,"href":"https:\/\/www.les-chaussures-rugby.fr\/index.php\/wp-json\/wp\/v2\/comments?post=333"}],"version-history":[{"count":1,"href":"https:\/\/www.les-chaussures-rugby.fr\/index.php\/wp-json\/wp\/v2\/pages\/333\/revisions"}],"predecessor-version":[{"id":342,"href":"https:\/\/www.les-chaussures-rugby.fr\/index.php\/wp-json\/wp\/v2\/pages\/333\/revisions\/342"}],"wp:attachment":[{"href":"https:\/\/www.les-chaussures-rugby.fr\/index.php\/wp-json\/wp\/v2\/media?parent=333"}],"curies":[{"name":"wp","href":"https:\/\/api.w.org\/{rel}","templated":true}]}}