{"id":64,"date":"2017-01-17T18:14:10","date_gmt":"2017-01-17T17:14:10","guid":{"rendered":"http:\/\/www.les-chaussures-rugby.fr\/?page_id=64"},"modified":"2017-01-17T18:56:31","modified_gmt":"2017-01-17T17:56:31","slug":"reglement-chaussures-de-rugby","status":"publish","type":"page","link":"https:\/\/www.les-chaussures-rugby.fr\/index.php\/reglement-chaussures-de-rugby\/","title":{"rendered":"R\u00e8glement: Chaussures de Rugby"},"content":{"rendered":"<p>La r\u00e8gle 4 de la FFR, qui r\u00e8glemente les \u00e9quipements du joueur, est tr\u00e8s succincte sur les chaussures de rugby :<\/p>\n<div class=\"page\" title=\"Page 27\">\n<div class=\"section\">\n<div class=\"layoutArea\">\n<div class=\"column\">\n<p><em><strong>4.3 CRAMPONS<\/strong><\/em><br \/>\n<em> (a) Les crampons des chaussures des joueurs doivent e\u0302tre conformes aux spe\u0301cifications de l\u2019I.R.B. (Re\u0300glement 12).<\/em><br \/>\n<em>(b) Les semelles en caoutchouc a\u0300 crampons moule\u0301s sont autorise\u0301es a\u0300 condition qu\u2019elles ne comportent pas de bords coupants ou d&rsquo;are\u0302tes aigue\u0308s.<\/em><\/p>\n<p>En cons\u00e9quence cette r\u00e8gle est\u00a0pr\u00e9cis\u00e9e par la r\u00e8gle 12 de World Rugby (IRB) qui est un peu plus d\u00e9taill\u00e9e. \u00a0Cependant elle\u00a0s&rsquo;attache surtout aux aspects li\u00e9s \u00e0 la s\u00e9curit\u00e9 du joueur. Du coup, elle s&rsquo;adresse plus sp\u00e9cifiquement aux fabricants et est parfois tr\u00e8s technique.<\/p>\n<p>N\u00e9anmoins, si vous souhaitez approfondir la question, vous trouverez ci-dessous les 10 pages de l&rsquo;Annexe 2 de la r\u00e8glementation 12 de l&rsquo;IRB. \u00a0Mais l&rsquo;aspect le plus important concerne les crampons :<\/p>\n<div class=\"page\" title=\"Page 2\">\n<div class=\"section\">\n<div class=\"layoutArea\">\n<div class=\"column\">\n<p>Aussi, la r\u00e8glementation pr\u00e9cise que les dimensions des crampons des chaussures des joueurs doivent e\u0302tre les suivantes :<\/p>\n<ul>\n<ul>\n<li>La longueur maximum est de 21 mm, mesure\u0301e a\u0300 partir de la semelle ;<\/li>\n<li>Le diame\u0300tre minimum est de 10 mm au sommet du crampon ;<\/li>\n<li>Par contre\u00a0le diame\u0300tre minimum doit \u00eatre de 13 mm a\u0300 la base du crampon (rondelle exclue) ;<\/li>\n<li>Le diame\u0300tre minimum de 20 mm lorsque la rondelle est inte\u0301gre\u0301e au crampon.<\/li>\n<\/ul>\n<\/ul>\n<figure id=\"attachment_79\" aria-describedby=\"caption-attachment-79\" style=\"width: 300px\" class=\"wp-caption alignnone\"><img loading=\"lazy\" decoding=\"async\" class=\"R\u00e8glementation crampons de rugby wp-image-79 size-medium\" title=\"R\u00e8glementation crampons de rugby\" src=\"http:\/\/www.les-chaussures-rugby.fr\/wp-content\/uploads\/2017\/01\/dimensions-crampons-rugby-300x285.jpg\" alt=\"R\u00e8glementation crampons de rugby\" width=\"300\" height=\"285\" srcset=\"https:\/\/www.les-chaussures-rugby.fr\/wp-content\/uploads\/2017\/01\/dimensions-crampons-rugby-300x285.jpg 300w, https:\/\/www.les-chaussures-rugby.fr\/wp-content\/uploads\/2017\/01\/dimensions-crampons-rugby.jpg 464w\" sizes=\"auto, (max-width: 300px) 85vw, 300px\" \/><figcaption id=\"caption-attachment-79\" class=\"wp-caption-text\">R\u00e8glementation crampons de rugby<\/figcaption><\/figure>\n<p>Les crampons a\u0300 vis en conformite\u0301 et dimensions indique\u0301es avec le croquis ci-dessus doivent \u00e9galement remplir des crite\u0300res de performance satisfaisants.<\/p>\n<p>De m\u00eame, la forme et les dimensions des autres crampons a\u0300 vis doivent e\u0302tre telles qu\u2019elles ne devraient pas pre\u0301senter un plus grand risque de blessure pour un autre joueur que les crampons a\u0300 vis qui figurent sur le croquis ci-dessus.<\/p>\n<h2>R\u00e8glement IRB 12 &#8211; Annexe 2<\/h2>\n<p><a href=\"http:\/\/laws.worldrugby.org\/?law=4&amp;language=FR\" target=\"_blank\" rel=\"noopener\"><img loading=\"lazy\" decoding=\"async\" class=\"alignnone wp-image-74 size-full\" src=\"http:\/\/www.les-chaussures-rugby.fr\/wp-content\/uploads\/2017\/01\/reglement-12-irb_ANNEXEII.gif\" width=\"619\" height=\"882\" \/><\/a><\/p>\n<p><img loading=\"lazy\" decoding=\"async\" class=\"alignnone wp-image-73 size-full\" src=\"http:\/\/www.les-chaussures-rugby.fr\/wp-content\/uploads\/2017\/01\/reglement-12-irb_chaussures-rugby.gif\" width=\"622\" height=\"884\" \/><\/p>\n<\/div>\n<\/div>\n<\/div>\n<\/div>\n<img loading=\"lazy\" decoding=\"async\" class=\"wp-image-72 size-full\" title=\"R\u00e8glement 12 IRB - Annexe 2 - les chaussures de rugby\" src=\"http:\/\/www.les-chaussures-rugby.fr\/wp-content\/uploads\/2017\/01\/reglement-12-irb_ANNEXEII-p229.gif\" alt=\"R\u00e8glement 12 IRB - Annexe 2 - les chaussures de rugby\" width=\"615\" height=\"885\" \/>\n<img loading=\"lazy\" decoding=\"async\" class=\"wp-image-71 size-full\" title=\"R\u00e8glementation 12 IRB - Annexe 2 - les chaussures de rugby\" src=\"http:\/\/www.les-chaussures-rugby.fr\/wp-content\/uploads\/2017\/01\/reglement-12-irb_ANNEXEII-p230.gif\" alt=\"R\u00e8glement 12 IRB - Annexe 2 - les chaussures de rugby\" width=\"620\" height=\"887\" \/>\n<img loading=\"lazy\" decoding=\"async\" class=\"wp-image-70 size-full\" title=\"R\u00e8gle 12 IRB - Annexe 2 - les chaussures de rugby\" src=\"http:\/\/www.les-chaussures-rugby.fr\/wp-content\/uploads\/2017\/01\/reglement-12-irb_ANNEXEII-p231.gif\" alt=\"R\u00e8glement 12 IRB - Annexe 2 - les chaussures de rugby\" width=\"626\" height=\"886\" \/>\n<img loading=\"lazy\" decoding=\"async\" class=\"wp-image-69 size-full\" src=\"http:\/\/www.les-chaussures-rugby.fr\/wp-content\/uploads\/2017\/01\/reglement-12-irb_ANNEXEII-p232.gif\" alt=\"R\u00e8glement 12 IRB - Annexe 2 - les chaussures de rugby\" width=\"626\" height=\"894\" \/>\n<img loading=\"lazy\" decoding=\"async\" class=\"wp-image-68 size-full\" title=\"Loi 12 IRB - Annexe 2 - les chaussures de rugby\" src=\"http:\/\/www.les-chaussures-rugby.fr\/wp-content\/uploads\/2017\/01\/reglement-12-irb_ANNEXEII-p233.gif\" alt=\"R\u00e8glement 12 IRB - Annexe 2 - les chaussures de rugby\" width=\"624\" height=\"888\" \/>\n<img loading=\"lazy\" decoding=\"async\" class=\"wp-image-67 size-full\" title=\"Law 12 IRB - Annexe 2 - les chaussures de rugby\" src=\"http:\/\/www.les-chaussures-rugby.fr\/wp-content\/uploads\/2017\/01\/reglement-12-irb_ANNEXEII-p234.gif\" alt=\"R\u00e8glement 12 IRB - Annexe 2 - les chaussures de rugby\" width=\"625\" height=\"889\" \/>\n<img loading=\"lazy\" decoding=\"async\" class=\"wp-image-66 size-full\" title=\"R\u00e8glement 12 IRB - Annexe 2 - les chaussures de rugby\" src=\"http:\/\/www.les-chaussures-rugby.fr\/wp-content\/uploads\/2017\/01\/reglement-12-irb_ANNEXEII-p235.gif\" alt=\"R\u00e8glement 12 IRB - Annexe 2 - les chaussures de rugby\" width=\"629\" height=\"893\" \/>\n<figure id=\"attachment_65\" aria-describedby=\"caption-attachment-65\" style=\"width: 628px\" class=\"wp-caption alignnone\"><img loading=\"lazy\" decoding=\"async\" class=\"wp-image-65 size-full\" title=\"R\u00e8glement 12 IRB - Annexe 2 - les chaussures de rugby\" src=\"http:\/\/www.les-chaussures-rugby.fr\/wp-content\/uploads\/2017\/01\/reglement-12-irb_ANNEXEII-p236.gif\" alt=\"R\u00e8glement 12 IRB - Annexe 2 - les chaussures de rugby\" width=\"628\" height=\"886\" \/><figcaption id=\"caption-attachment-65\" class=\"wp-caption-text\">R\u00e8glement 12 IRB &#8211; Annexe 2 &#8211; les chaussures de rugby<\/figcaption><\/figure>\n<h2>Pour aller plus loin&#8230;<\/h2>\n<p>Si vous souhaitez consulter plus en d\u00e9tail les r\u00e8glements r\u00e9gissant les crampons de rugby ou les autres \u00e9quipements de rugby, vous pouvez \u00e9galement consulter les sites de World Rugby et de la F\u00e9d\u00e9ration Fran\u00e7aise de Rugby.<\/p>\n<ul>\n<li><a href=\"http:\/\/laws.worldrugby.org\/?law=4&amp;language=FR\" target=\"_blank\" rel=\"noopener\">R\u00e8glementation IRB<\/a><\/li>\n<li><a href=\"http:\/\/www.ffr.fr\/Publications-officielles\/Statuts-et-reglements\/Reglements-generaux\" target=\"_blank\" rel=\"noopener\">R\u00e8glements FFR<\/a><\/li>\n<\/ul>\n<\/div>\n<\/div>\n<\/div>\n<\/div>\n","protected":false},"excerpt":{"rendered":"<p>La r\u00e8gle 4 de la FFR, qui r\u00e8glemente les \u00e9quipements du joueur, est tr\u00e8s succincte sur les chaussures de rugby : 4.3 CRAMPONS (a) Les crampons des chaussures des joueurs doivent e\u0302tre conformes aux spe\u0301cifications de l\u2019I.R.B. (Re\u0300glement 12). (b) Les semelles en caoutchouc a\u0300 crampons moule\u0301s sont autorise\u0301es a\u0300 condition qu\u2019elles ne comportent pas &hellip; <a href=\"https:\/\/www.les-chaussures-rugby.fr\/index.php\/reglement-chaussures-de-rugby\/\" class=\"more-link\">Continuer la lecture<span class=\"screen-reader-text\"> de &laquo;&nbsp;R\u00e8glement: Chaussures de Rugby&nbsp;&raquo;<\/span><\/a><\/p>\n","protected":false},"author":1,"featured_media":0,"parent":0,"menu_order":0,"comment_status":"closed","ping_status":"closed","template":"","meta":{"footnotes":""},"class_list":["post-64","page","type-page","status-publish","hentry"],"_links":{"self":[{"href":"https:\/\/www.les-chaussures-rugby.fr\/index.php\/wp-json\/wp\/v2\/pages\/64","targetHints":{"allow":["GET"]}}],"collection":[{"href":"https:\/\/www.les-chaussures-rugby.fr\/index.php\/wp-json\/wp\/v2\/pages"}],"about":[{"href":"https:\/\/www.les-chaussures-rugby.fr\/index.php\/wp-json\/wp\/v2\/types\/page"}],"author":[{"embeddable":true,"href":"https:\/\/www.les-chaussures-rugby.fr\/index.php\/wp-json\/wp\/v2\/users\/1"}],"replies":[{"embeddable":true,"href":"https:\/\/www.les-chaussures-rugby.fr\/index.php\/wp-json\/wp\/v2\/comments?post=64"}],"version-history":[{"count":14,"href":"https:\/\/www.les-chaussures-rugby.fr\/index.php\/wp-json\/wp\/v2\/pages\/64\/revisions"}],"predecessor-version":[{"id":90,"href":"https:\/\/www.les-chaussures-rugby.fr\/index.php\/wp-json\/wp\/v2\/pages\/64\/revisions\/90"}],"wp:attachment":[{"href":"https:\/\/www.les-chaussures-rugby.fr\/index.php\/wp-json\/wp\/v2\/media?parent=64"}],"curies":[{"name":"wp","href":"https:\/\/api.w.org\/{rel}","templated":true}]}}