{"id":7,"date":"2017-01-17T14:56:23","date_gmt":"2017-01-17T13:56:23","guid":{"rendered":"http:\/\/www.les-chaussures-rugby.fr\/?page_id=7"},"modified":"2017-01-17T17:32:15","modified_gmt":"2017-01-17T16:32:15","slug":"7-2","status":"publish","type":"page","link":"https:\/\/www.les-chaussures-rugby.fr\/","title":{"rendered":"A propos de la chaussure de rugby&#8230;"},"content":{"rendered":"<p>Ce site est d\u00e9di\u00e9 \u00e0 la chaussure de rugby. Apr\u00e8s le ballon ovale, c&rsquo;est le premier \u00e9quipement de rugby qui vit le jour, d\u00e8s 1823. D\u00e8s le d\u00e9but le bricolage des chaussures de ville en fait un instrument pour mieux se mouvoir sur le terrain mais aussi pour ch\u00e2tier l&rsquo;adversaire.<\/p>\n<p>Aujourd&rsquo;hui, apr\u00e8s de tr\u00e8s nombreuses innovations technologiques, elle\u00a0reste l&rsquo;outil de base du rugbyman. Celui qui le relie au terrain. Celui qui lui permet de courir plus vite, de crocheter sans tomber, de botter en touche, de buter avec pr\u00e9cision, de pousser en m\u00eal\u00e9e, de sauter en touche&#8230; C&rsquo;est \u00e9galement le seul \u00e9quipement qui diff\u00e8re selon votre poste.<\/p>\n<p>En effet, La chaussure de rugby peut \u00eatre basse ou haute, coqu\u00e9e ou \u00e0 bout souple, dot\u00e9e de 6 ou 8 crampons, qui sont en aluminium, moul\u00e9s ou hybrides, elle est en synth\u00e9tique ou en cuir&#8230;.<\/p>\n<h2>La chaussure de rugby est multiple et vari\u00e9e. Cet \u00e9quipement noble, bient\u00f4t bi-centenaire m\u00e9ritait bien un site !<\/h2>\n<p>Mais ce site n&rsquo;a pas pour unique vocation de pr\u00e9senter la chaussure de rugby. Il veut aussi vous aider dans votre choix. Si vous souhaitez acheter une nouvelle paire de crampons, nos \u00a0fiches techniques, nos avis, et les\u00a0vid\u00e9os vous aideront.<\/p>\n<p>Si vous avez des questions ou des remarques, <a href=\"mailto:contact@les-chaussures-rugby.fr\">\u00e9crivez-nous<\/a>.<\/p>\n<figure id=\"attachment_60\" aria-describedby=\"caption-attachment-60\" style=\"width: 300px\" class=\"wp-caption alignnone\"><img loading=\"lazy\" decoding=\"async\" class=\"A propos de la chaussure de rugby... wp-image-60 size-medium\" title=\"A propos de la chaussure de rugby...\" src=\"http:\/\/www.les-chaussures-rugby.fr\/wp-content\/uploads\/2017\/01\/crampons-de-rugby-300x209.jpg\" alt=\"A propos de la chaussure de rugby...\" width=\"300\" height=\"209\" srcset=\"https:\/\/www.les-chaussures-rugby.fr\/wp-content\/uploads\/2017\/01\/crampons-de-rugby-300x209.jpg 300w, https:\/\/www.les-chaussures-rugby.fr\/wp-content\/uploads\/2017\/01\/crampons-de-rugby.jpg 383w\" sizes=\"auto, (max-width: 300px) 85vw, 300px\" \/><figcaption id=\"caption-attachment-60\" class=\"wp-caption-text\">A propos de la chaussure de rugby&#8230;<\/figcaption><\/figure>\n","protected":false},"excerpt":{"rendered":"<p>Ce site est d\u00e9di\u00e9 \u00e0 la chaussure de rugby. Apr\u00e8s le ballon ovale, c&rsquo;est le premier \u00e9quipement de rugby qui vit le jour, d\u00e8s 1823. D\u00e8s le d\u00e9but le bricolage des chaussures de ville en fait un instrument pour mieux se mouvoir sur le terrain mais aussi pour ch\u00e2tier l&rsquo;adversaire. Aujourd&rsquo;hui, apr\u00e8s de tr\u00e8s nombreuses &hellip; <a href=\"https:\/\/www.les-chaussures-rugby.fr\/\" class=\"more-link\">Continuer la lecture<span class=\"screen-reader-text\"> de &laquo;&nbsp;A propos de la chaussure de rugby&#8230;&nbsp;&raquo;<\/span><\/a><\/p>\n","protected":false},"author":1,"featured_media":0,"parent":0,"menu_order":0,"comment_status":"closed","ping_status":"closed","template":"","meta":{"footnotes":""},"class_list":["post-7","page","type-page","status-publish","hentry"],"_links":{"self":[{"href":"https:\/\/www.les-chaussures-rugby.fr\/index.php\/wp-json\/wp\/v2\/pages\/7","targetHints":{"allow":["GET"]}}],"collection":[{"href":"https:\/\/www.les-chaussures-rugby.fr\/index.php\/wp-json\/wp\/v2\/pages"}],"about":[{"href":"https:\/\/www.les-chaussures-rugby.fr\/index.php\/wp-json\/wp\/v2\/types\/page"}],"author":[{"embeddable":true,"href":"https:\/\/www.les-chaussures-rugby.fr\/index.php\/wp-json\/wp\/v2\/users\/1"}],"replies":[{"embeddable":true,"href":"https:\/\/www.les-chaussures-rugby.fr\/index.php\/wp-json\/wp\/v2\/comments?post=7"}],"version-history":[{"count":8,"href":"https:\/\/www.les-chaussures-rugby.fr\/index.php\/wp-json\/wp\/v2\/pages\/7\/revisions"}],"predecessor-version":[{"id":63,"href":"https:\/\/www.les-chaussures-rugby.fr\/index.php\/wp-json\/wp\/v2\/pages\/7\/revisions\/63"}],"wp:attachment":[{"href":"https:\/\/www.les-chaussures-rugby.fr\/index.php\/wp-json\/wp\/v2\/media?parent=7"}],"curies":[{"name":"wp","href":"https:\/\/api.w.org\/{rel}","templated":true}]}}