{"id":92,"date":"2017-01-18T19:02:08","date_gmt":"2017-01-18T18:02:08","guid":{"rendered":"http:\/\/www.les-chaussures-rugby.fr\/?page_id=92"},"modified":"2017-01-19T10:39:50","modified_gmt":"2017-01-19T09:39:50","slug":"structure-dune-chaussure-de-rugby","status":"publish","type":"page","link":"https:\/\/www.les-chaussures-rugby.fr\/index.php\/structure-dune-chaussure-de-rugby\/","title":{"rendered":"Structure d&rsquo;une chaussure de rugby"},"content":{"rendered":"<p>De quoi est compos\u00e9e une chaussure de rugby ? En effet, il est loin le temps o\u00f9 la chaussure de rugby \u00e9tait une simple chaussure de ville sur laquelle on bricolait quelques crampons en cuir ou des crampons en m\u00e9tal !<\/p>\n<figure id=\"attachment_93\" aria-describedby=\"caption-attachment-93\" style=\"width: 803px\" class=\"wp-caption aligncenter\"><img loading=\"lazy\" decoding=\"async\" class=\"wp-image-93 size-full\" title=\"Structure d'une chaussure de rugby\" src=\"http:\/\/www.les-chaussures-rugby.fr\/wp-content\/uploads\/2017\/01\/structure-chaussure-rugby.jpg\" alt=\"Structure d'une chaussure de rugby\" width=\"803\" height=\"389\" srcset=\"https:\/\/www.les-chaussures-rugby.fr\/wp-content\/uploads\/2017\/01\/structure-chaussure-rugby.jpg 803w, https:\/\/www.les-chaussures-rugby.fr\/wp-content\/uploads\/2017\/01\/structure-chaussure-rugby-300x145.jpg 300w, https:\/\/www.les-chaussures-rugby.fr\/wp-content\/uploads\/2017\/01\/structure-chaussure-rugby-768x372.jpg 768w\" sizes=\"auto, (max-width: 803px) 85vw, 803px\" \/><figcaption id=\"caption-attachment-93\" class=\"wp-caption-text\">Structure d&rsquo;une chaussure de rugby<\/figcaption><\/figure>\n<h3>1 &#8211; LE HAUT DE LA CHAUSSURE<\/h3>\n<p>En cuir pour les mod\u00e8les haut de gamme ou en mati\u00e8re synth\u00e9tique selon les mod\u00e8les, c&rsquo;est la partie qui entoure votre pied et qui va assurer son confort.<\/p>\n<h3>2 &#8211; LA SEMELLE EXT\u00c9RIEURE<\/h3>\n<p>C&rsquo;est la base de la chaussure puisqu&rsquo;elle tient les crampons en dessous et la tige au dessus ! Sans elle, pas de chaussure de rugby !<\/p>\n<p>Elle est plus ou moins rigide selon les mod\u00e8les et selon le nombre de crampons qu&rsquo;elle supporte<strong>\u00a0<\/strong><\/p>\n<figure id=\"attachment_94\" aria-describedby=\"caption-attachment-94\" style=\"width: 300px\" class=\"wp-caption aligncenter\"><img loading=\"lazy\" decoding=\"async\" class=\"wp-image-94 size-medium\" title=\"La semelle ext\u00e9rieure tient les crampons en dessous et la tige au dessus \" src=\"http:\/\/www.les-chaussures-rugby.fr\/wp-content\/uploads\/2017\/01\/semelle-exte\u0301rieure-chaussure-rugby-300x300.jpg\" alt=\"La semelle ext\u00e9rieure tient les crampons en dessous et la tige au dessus \" width=\"300\" height=\"300\" srcset=\"https:\/\/www.les-chaussures-rugby.fr\/wp-content\/uploads\/2017\/01\/semelle-exte\u0301rieure-chaussure-rugby-300x300.jpg 300w, https:\/\/www.les-chaussures-rugby.fr\/wp-content\/uploads\/2017\/01\/semelle-exte\u0301rieure-chaussure-rugby-150x150.jpg 150w, https:\/\/www.les-chaussures-rugby.fr\/wp-content\/uploads\/2017\/01\/semelle-exte\u0301rieure-chaussure-rugby.jpg 650w\" sizes=\"auto, (max-width: 300px) 85vw, 300px\" \/><figcaption id=\"caption-attachment-94\" class=\"wp-caption-text\">La semelle ext\u00e9rieure tient les crampons en dessous et la tige au dessus<\/figcaption><\/figure>\n<h3>3\u00a0&#8211; LA SEMELLE INTERIEURE<\/h3>\n<p>C&rsquo;est le rembourrage \u00e0 l&rsquo;int\u00e9rieur de la chaussure qui est con\u00e7u pour offrir un amorti, disperser la pression des tiges et prot\u00e9ger le pied. Elle peut-\u00eatre int\u00e9gr\u00e9e \u00e0 la chaussure, faite sur mesure et amovible pour ceux ayant des probl\u00e8mes orthop\u00e9diques.<\/p>\n<p>Depuis peu, les grandes marques proposent des chaussettes int\u00e9gr\u00e9es pour un meilleur maintient de la cheville.<\/p>\n<figure id=\"attachment_96\" aria-describedby=\"caption-attachment-96\" style=\"width: 300px\" class=\"wp-caption aligncenter\"><img loading=\"lazy\" decoding=\"async\" class=\"wp-image-96 size-medium\" title=\"Semelle ext\u00e9rieure : chaussette int\u00e9gr\u00e9e\" src=\"http:\/\/www.les-chaussures-rugby.fr\/wp-content\/uploads\/2017\/01\/chaussures-rugby-chaussettes-integrees-adidas-300x300.jpg\" alt=\"Semelle ext\u00e9rieure : chaussette int\u00e9gr\u00e9e\" width=\"300\" height=\"300\" srcset=\"https:\/\/www.les-chaussures-rugby.fr\/wp-content\/uploads\/2017\/01\/chaussures-rugby-chaussettes-integrees-adidas-300x300.jpg 300w, https:\/\/www.les-chaussures-rugby.fr\/wp-content\/uploads\/2017\/01\/chaussures-rugby-chaussettes-integrees-adidas-150x150.jpg 150w, https:\/\/www.les-chaussures-rugby.fr\/wp-content\/uploads\/2017\/01\/chaussures-rugby-chaussettes-integrees-adidas.jpg 458w\" sizes=\"auto, (max-width: 300px) 85vw, 300px\" \/><figcaption id=\"caption-attachment-96\" class=\"wp-caption-text\">Semelle ext\u00e9rieure : chaussette int\u00e9gr\u00e9e<\/figcaption><\/figure>\n<h3>4 \u00a0&#8211; LA SEMELLE INTERM\u00c9DIAIRE<\/h3>\n<p>C&rsquo;est la partie situ\u00e9e entre la semelle int\u00e9rieure, sous votre pied, et la semelle ext\u00e9rieure, en contact avec le sol. Le rembourrage n&rsquo;est pas amovible et son importance d\u00e9pend de la fonction de la chaussure et donc du poste du joueur.<\/p>\n<h3>5 -LE TALON<\/h3>\n<p>Le talon\u00a0est con\u00e7u pour assurer la stabilit\u00e9 du pied lors du changement d&rsquo;appuis. Sur certaines chaussures, le talon est l\u00e9g\u00e8rement sur\u00e9lev\u00e9 ce qui permet de\u00a0r\u00e9duire les tensions exerc\u00e9es au niveau de votre jambe en diminuant la pression subie par votre tendon d&rsquo;Achille. \u00a0Cela\u00a0vous permet \u00e9galement de courir plus vite car vos pieds sont l\u00e9g\u00e8rement inclin\u00e9s vers l&rsquo;avant.<\/p>\n<h3>6 &#8211; LA TIGE<\/h3>\n<p>Il s&rsquo;agit de la partie sup\u00e9rieure de la chaussure qui recouvre le pied. Avant, les tiges \u00e9taient toutes lices quelque soit votre poste.\u00a0Mais aujourd&rsquo;hui elles sont adapt\u00e9es aux arri\u00e8res et aux avants.<\/p>\n<ul type=\"disc\">\n<li><strong>Les avants\u2026 <\/strong>profitent d&rsquo;une tige plus robuste mais suffisamment flexible pour se plier vers le haut dans la m\u00eal\u00e9e ou en touche,<\/li>\n<li><strong>Les arri\u00e8res\u2026 <\/strong>ont besoin d&rsquo;une coupe moulante et de mati\u00e8res l\u00e9g\u00e8res pour pouvoir acc\u00e9l\u00e9rer et effectuer des cadrages-d\u00e9bordements,<\/li>\n<li><strong>Les buteurs\u2026 <\/strong>\u00a0auront une tige\u00a0agrandie avec un la\u00e7age asym\u00e9trique et\/ou un relief sur la tige.<\/li>\n<\/ul>\n<h3>7\u00a0&#8211; LES CRAMPONS<\/h3>\n<p>Situ\u00e9s sous la semelle ext\u00e9rieure, en aluminium ou en plastique dur, ils permettent d&rsquo;adh\u00e9rer au terrain. Leur hauteur, diam\u00e8tre et forme sont\u00a0tr\u00e8s r\u00e9glement\u00e9s par l&rsquo;IRB pour diminuer le risque de blessure (<a href=\"http:\/\/www.les-chaussures-rugby.fr\/index.php\/reglement-chaussures-de-rugby\/\">voir la r\u00e8glementation World Rugby<\/a>).<\/p>\n<p>Les chaussures\u00a0\u00e9quip\u00e9es de 6 crampons alu sont g\u00e9n\u00e9ralement destin\u00e9es aux lignes arri\u00e8res et celles avec 8 crampons aux avants pour une meilleure pouss\u00e9e en m\u00eal\u00e9e.<\/p>\n<p>Les chaussures moul\u00e9es sont destin\u00e9es aux terrains secs ou synth\u00e9tiques. D&rsquo;autre part, de plus en plus d&rsquo;\u00e9cole de rugby interdissent les crampons en alu pour les enfants.<\/p>\n<p>Pour les terrains synth\u00e9tiques existent \u00e9galement les\u00a0<span class=\"s1\">semelles Turf qui permettent une adh\u00e9rence maximale sur les surfaces synth\u00e9tiques et minimisent la g\u00eane occasionn\u00e9e car les petits crampons ne p\u00e9n\u00e8trent et la pression est r\u00e9partie sur toute la semelle.<\/span><\/p>\n<figure id=\"attachment_101\" aria-describedby=\"caption-attachment-101\" style=\"width: 803px\" class=\"wp-caption aligncenter\"><img loading=\"lazy\" decoding=\"async\" class=\"wp-image-101 size-full\" title=\"Les diff\u00e9rents types de crampons sur les chaussures de rugby\" src=\"http:\/\/www.les-chaussures-rugby.fr\/wp-content\/uploads\/2017\/01\/les-differentes-sortes-crampons-rugby.jpg\" alt=\"Les diff\u00e9rents types de crampons sur les chaussures de rugby\" width=\"803\" height=\"1984\" srcset=\"https:\/\/www.les-chaussures-rugby.fr\/wp-content\/uploads\/2017\/01\/les-differentes-sortes-crampons-rugby.jpg 803w, https:\/\/www.les-chaussures-rugby.fr\/wp-content\/uploads\/2017\/01\/les-differentes-sortes-crampons-rugby-121x300.jpg 121w, https:\/\/www.les-chaussures-rugby.fr\/wp-content\/uploads\/2017\/01\/les-differentes-sortes-crampons-rugby-768x1898.jpg 768w, https:\/\/www.les-chaussures-rugby.fr\/wp-content\/uploads\/2017\/01\/les-differentes-sortes-crampons-rugby-414x1024.jpg 414w\" sizes=\"auto, (max-width: 803px) 85vw, 803px\" \/><figcaption id=\"caption-attachment-101\" class=\"wp-caption-text\">Les diff\u00e9rents types de crampons sur les chaussures de rugby<\/figcaption><\/figure>\n<p>&nbsp;<\/p>\n<h3><\/h3>\n","protected":false},"excerpt":{"rendered":"<p>De quoi est compos\u00e9e une chaussure de rugby ? En effet, il est loin le temps o\u00f9 la chaussure de rugby \u00e9tait une simple chaussure de ville sur laquelle on bricolait quelques crampons en cuir ou des crampons en m\u00e9tal ! 1 &#8211; LE HAUT DE LA CHAUSSURE En cuir pour les mod\u00e8les haut de &hellip; <a href=\"https:\/\/www.les-chaussures-rugby.fr\/index.php\/structure-dune-chaussure-de-rugby\/\" class=\"more-link\">Continuer la lecture<span class=\"screen-reader-text\"> de &laquo;&nbsp;Structure d&rsquo;une chaussure de rugby&nbsp;&raquo;<\/span><\/a><\/p>\n","protected":false},"author":1,"featured_media":0,"parent":0,"menu_order":0,"comment_status":"closed","ping_status":"closed","template":"","meta":{"footnotes":""},"class_list":["post-92","page","type-page","status-publish","hentry"],"_links":{"self":[{"href":"https:\/\/www.les-chaussures-rugby.fr\/index.php\/wp-json\/wp\/v2\/pages\/92","targetHints":{"allow":["GET"]}}],"collection":[{"href":"https:\/\/www.les-chaussures-rugby.fr\/index.php\/wp-json\/wp\/v2\/pages"}],"about":[{"href":"https:\/\/www.les-chaussures-rugby.fr\/index.php\/wp-json\/wp\/v2\/types\/page"}],"author":[{"embeddable":true,"href":"https:\/\/www.les-chaussures-rugby.fr\/index.php\/wp-json\/wp\/v2\/users\/1"}],"replies":[{"embeddable":true,"href":"https:\/\/www.les-chaussures-rugby.fr\/index.php\/wp-json\/wp\/v2\/comments?post=92"}],"version-history":[{"count":10,"href":"https:\/\/www.les-chaussures-rugby.fr\/index.php\/wp-json\/wp\/v2\/pages\/92\/revisions"}],"predecessor-version":[{"id":107,"href":"https:\/\/www.les-chaussures-rugby.fr\/index.php\/wp-json\/wp\/v2\/pages\/92\/revisions\/107"}],"wp:attachment":[{"href":"https:\/\/www.les-chaussures-rugby.fr\/index.php\/wp-json\/wp\/v2\/media?parent=92"}],"curies":[{"name":"wp","href":"https:\/\/api.w.org\/{rel}","templated":true}]}}